{"id":103,"date":"2018-10-09T21:09:50","date_gmt":"2018-10-09T19:09:50","guid":{"rendered":"http:\/\/sahtg.fr\/?page_id=103"},"modified":"2025-12-11T22:00:27","modified_gmt":"2025-12-11T21:00:27","slug":"membres","status":"publish","type":"page","link":"https:\/\/sahtg.fr\/?page_id=103","title":{"rendered":"Conseil d&rsquo;administration"},"content":{"rendered":"<p><span style=\"color: #0000ff;\"><strong>Pr\u00e9sident<\/strong><\/span><\/p>\n<p>Georges PASSERAT<\/p>\n<p><span style=\"color: #0000ff;\"><strong>Vice-Pr\u00e9sidents<\/strong><\/span><\/p>\n<p>Pierre GARRIGOU-GRANDCHAMP<\/p>\n<p>Chantal FRA\u00cfSSE<\/p>\n<p><span style=\"color: #0000ff;\"><strong>Secr\u00e9taire g\u00e9n\u00e9ral\u00a0<\/strong>\u00a0 \u00a0 \u00a0<\/span><\/p>\n<p>Jean-Pierre GAUCH\u00c9<\/p>\n<p><strong><span style=\"color: #0000ff;\">Secr\u00e9taire des s\u00e9ances \u00a0<\/span>\u00a0<\/strong><\/p>\n<p>Jean-Pierre GAUCH\u00c9<\/p>\n<p><strong style=\"color: #0000ff; font-size: revert;\">Tr\u00e9sorier\u00a0<\/strong><\/p>\n<p><span style=\"font-size: revert;\">Jean-Michel GARRIC (<\/span><a style=\"font-size: revert;\" href=\"mailto:tresorier@sahtg.fr\">tresorier@sahtg.fr<\/a><span style=\"font-size: revert;\">)<\/span><\/p>\n<div class=\"csRow\">\n<div class=\"csColumn\" style=\"margin: 0px; padding: 0px; float: left; width: 47.7%;\" data-csstartpoint=\"15.000003051757812\" data-csendpoint=\"472.49998779296874\" data-cswidth=\"47.7%\" data-csid=\"0cd2bfa8-7baf-da85-94a9-2a6647eb00c9\">\n<h2><strong>Membres<\/strong><\/h2>\n<p>Guy ASTOUL<\/p>\n<p>Carole BONNET<\/p>\n<p>J\u00e9r\u00f4me CRAS<\/p>\n<p>Michel DARIOS<\/p>\n<p>Albert DORIGO<\/p>\n<p>Jean-Claude FABRE<\/p>\n<p>Pierre GARRIGOU-GRANDCHAMP<\/p>\n<p>Sarah\u00a0GERBER<\/p>\n<p>Jean-Louis LABORIE<\/p>\n<p>Jean-Fran\u00e7ois LE MOTHEUX<\/p>\n<p>Pascal LEROY<\/p>\n<p>Emmanuel MOUREAU<\/p>\n<p>Norbert SABATI\u00c9<\/p>\n<\/div>\n<div class=\"csColumnGap\" style=\"margin: 0px; padding: 0px; float: left; width: 1.56%;\"><img decoding=\"async\" src=\"http:\/\/sahtg.fr\/wp-content\/plugins\/advanced-wp-columns\/assets\/js\/plugins\/views\/img\/1x1-pixel.png\" \/><\/div>\n<div class=\"csColumn\" style=\"margin: 0px; padding: 0px; float: left; width: 47.7%;\" data-csstartpoint=\"487.49998779296874\" data-csendpoint=\"944.9999877929688\" data-cswidth=\"47.7%\" data-csid=\"7914879f-18da-f039-8429-17ba9a327066\">\n<h2><\/h2>\n<h2><\/h2>\n<h2><\/h2>\n<h2><\/h2>\n<h2><\/h2>\n<h2><\/h2>\n<h2><\/h2>\n<h2><\/h2>\n<h2><\/h2>\n<h2><\/h2>\n<h2><\/h2>\n<\/div>\n<div class=\"csColumnGap\" style=\"margin: 0px; padding: 0px; float: left; width: 1.56%;\"><img decoding=\"async\" src=\"http:\/\/sahtg.fr\/wp-content\/plugins\/advanced-wp-columns\/assets\/js\/plugins\/views\/img\/1x1-pixel.png\" \/><\/div>\n<\/div>\n","protected":false},"excerpt":{"rendered":"<p>Pr\u00e9sident Georges PASSERAT Vice-Pr\u00e9sidents Pierre GARRIGOU-GRANDCHAMP Chantal FRA\u00cfSSE Secr\u00e9taire g\u00e9n\u00e9ral\u00a0\u00a0 \u00a0 \u00a0 Jean-Pierre GAUCH\u00c9 Secr\u00e9taire des s\u00e9ances \u00a0\u00a0 Jean-Pierre GAUCH\u00c9 Tr\u00e9sorier\u00a0 Jean-Michel GARRIC (tresorier@sahtg.fr) Membres Guy ASTOUL Carole BONNET J\u00e9r\u00f4me CRAS Michel DARIOS Albert DORIGO Jean-Claude FABRE Pierre GARRIGOU-GRANDCHAMP Sarah\u00a0GERBER Jean-Louis LABORIE Jean-Fran\u00e7ois LE MOTHEUX Pascal LEROY Emmanuel MOUREAU Norbert SABATI\u00c9<\/p>\n","protected":false},"author":1,"featured_media":0,"parent":10,"menu_order":0,"comment_status":"closed","ping_status":"closed","template":"","meta":{"footnotes":""},"class_list":["post-103","page","type-page","status-publish","hentry"],"_links":{"self":[{"href":"https:\/\/sahtg.fr\/index.php?rest_route=\/wp\/v2\/pages\/103","targetHints":{"allow":["GET"]}}],"collection":[{"href":"https:\/\/sahtg.fr\/index.php?rest_route=\/wp\/v2\/pages"}],"about":[{"href":"https:\/\/sahtg.fr\/index.php?rest_route=\/wp\/v2\/types\/page"}],"author":[{"embeddable":true,"href":"https:\/\/sahtg.fr\/index.php?rest_route=\/wp\/v2\/users\/1"}],"replies":[{"embeddable":true,"href":"https:\/\/sahtg.fr\/index.php?rest_route=%2Fwp%2Fv2%2Fcomments&post=103"}],"version-history":[{"count":18,"href":"https:\/\/sahtg.fr\/index.php?rest_route=\/wp\/v2\/pages\/103\/revisions"}],"predecessor-version":[{"id":1296,"href":"https:\/\/sahtg.fr\/index.php?rest_route=\/wp\/v2\/pages\/103\/revisions\/1296"}],"up":[{"embeddable":true,"href":"https:\/\/sahtg.fr\/index.php?rest_route=\/wp\/v2\/pages\/10"}],"wp:attachment":[{"href":"https:\/\/sahtg.fr\/index.php?rest_route=%2Fwp%2Fv2%2Fmedia&parent=103"}],"curies":[{"name":"wp","href":"https:\/\/api.w.org\/{rel}","templated":true}]}}