{"id":105,"date":"2018-10-09T21:11:19","date_gmt":"2018-10-09T19:11:19","guid":{"rendered":"http:\/\/sahtg.fr\/?page_id=105"},"modified":"2019-06-12T21:37:53","modified_gmt":"2019-06-12T19:37:53","slug":"bulletins","status":"publish","type":"page","link":"https:\/\/sahtg.fr\/?page_id=105","title":{"rendered":"Bulletins"},"content":{"rendered":"<div class=\"csRow\">\n<div class=\"csColumnGap\" style=\"margin: 0px; padding: 0px; float: left; width: 2.71%;\"><img decoding=\"async\" src=\"http:\/\/sahtg.fr\/wp-content\/plugins\/advanced-wp-columns\/assets\/js\/plugins\/views\/img\/1x1-pixel.png\" \/><\/div>\n<div class=\"csColumn\" style=\"margin: 0px; padding: 0px; float: left; width: 65.8%;\" data-csstartpoint=\"313.49998779296874\" data-csendpoint=\"944.9999877929688\" data-cswidth=\"65.8%\" data-csid=\"1792fda2-5ce6-6aa6-a48e-0e461d9c48ac\">\n<p><a href=\"http:\/\/sahtg.fr\/?attachment_id=967\" rel=\"attachment wp-att-967\"><img loading=\"lazy\" decoding=\"async\" class=\"alignleft  wp-image-967\" src=\"http:\/\/sahtg.fr\/wp-content\/uploads\/2019\/06\/fullsizeoutput_14f2.jpeg\" alt=\"\" width=\"209\" height=\"272\" \/><\/a>Les personnes qui payent leur cotisation re\u00e7oivent le Bulletin et deviennent membres de la soci\u00e9t\u00e9.\u00a0<\/p>\n<p>Les bulletins anciens, de 1869 \u00e0 2006, ont \u00e9t\u00e9 num\u00e9ris\u00e9s par la Biblioth\u00e8que nationale de France et sont consultables sur le site Gallica.<\/p>\n<p>Des liens directs vers chacun des tomes num\u00e9ris\u00e9s sur Gallica sont disponibles sur notre site, dans l&rsquo;onglet LIENS.<\/p>\n<p>La collection compl\u00e8te en version papier, jusqu&rsquo;au num\u00e9ro de l&rsquo;ann\u00e9e en cours, peut \u00eatre consult\u00e9e aux Archives d\u00e9partementales de Tarn-et-Garonne et \u00e0 la m\u00e9diath\u00e8que de Montauban :<\/p>\n<p><strong>\u00a0\u00a0\u00a0\u00a0\u00a0\u00a0\u00a0\u00a0\u00a0\u00a0\u00a0\u00a0\u00a0 Archives d\u00e9partementales\u00a0\u00a0\u00a0\u00a0\u00a0\u00a0\u00a0\u00a0\u00a0\u00a0\u00a0\u00a0\u00a0\u00a0\u00a0 M\u00e9diath\u00e8que M\u00e9mo<\/strong><br \/><strong>\u00a0\u00a0\u00a0\u00a0\u00a0\u00a0\u00a0\u00a0\u00a0\u00a0\u00a0\u00a0\u00a0 de Tarn-et Garonne\u00a0\u00a0\u00a0\u00a0\u00a0\u00a0\u00a0\u00a0\u00a0\u00a0\u00a0\u00a0\u00a0\u00a0\u00a0\u00a0\u00a0\u00a0\u00a0\u00a0\u00a0\u00a0\u00a0\u00a0\u00a0\u00a0\u00a0\u00a0 2, rue Jean-Carmet\u00a0<\/strong><br \/><strong>\u00a0\u00a0\u00a0\u00a0\u00a0\u00a0\u00a0\u00a0\u00a0\u00a0\u00a0\u00a0\u00a0 14, avenue du 10e Dragons,\u00a0\u00a0\u00a0\u00a0\u00a0\u00a0\u00a0\u00a0\u00a0\u00a0\u00a0\u00a0\u00a0 82000 Montauban<\/strong><br \/><strong>\u00a0\u00a0\u00a0\u00a0\u00a0\u00a0\u00a0\u00a0\u00a0\u00a0\u00a0\u00a0\u00a0 82000 Montauban\u00a0\u00a0\u00a0\u00a0\u00a0\u00a0\u00a0\u00a0\u00a0\u00a0\u00a0\u00a0\u00a0\u00a0\u00a0\u00a0\u00a0\u00a0\u00a0\u00a0\u00a0\u00a0\u00a0\u00a0\u00a0\u00a0\u00a0\u00a0\u00a0\u00a0 T\u00e9l : 05 63 91 88 00<\/strong><br \/><strong>\u00a0\u00a0\u00a0\u00a0\u00a0\u00a0\u00a0\u00a0\u00a0\u00a0\u00a0\u00a0\u00a0 T\u00e9l : 05 63 03 46 18.\u00a0\u00a0\u00a0\u00a0\u00a0\u00a0\u00a0\u00a0\u00a0\u00a0\u00a0\u00a0\u00a0\u00a0\u00a0\u00a0\u00a0\u00a0\u00a0\u00a0\u00a0\u00a0\u00a0<\/strong><\/p>\n<\/div>\n<div class=\"csColumnGap\" style=\"margin: 0px; padding: 0px; float: left; width: 1.56%;\"><img decoding=\"async\" src=\"http:\/\/sahtg.fr\/wp-content\/plugins\/advanced-wp-columns\/assets\/js\/plugins\/views\/img\/1x1-pixel.png\" \/><\/div>\n<div style=\"clear: both; float: none; display: block; visibility: hidden; width: 0px; font-size: 0px; line-height: 0;\">\u00a0<\/div>\n<\/div>\n<p><!--more--><\/p>\n<p><!--more--><\/p>\n\n\n<p><\/p>\n\n\n\n<p><\/p>\n","protected":false},"excerpt":{"rendered":"<p>Les personnes qui payent leur cotisation re\u00e7oivent le Bulletin et deviennent membres de la soci\u00e9t\u00e9.\u00a0 Les bulletins anciens, de 1869 \u00e0 2006, ont \u00e9t\u00e9 num\u00e9ris\u00e9s par la Biblioth\u00e8que nationale de France et sont consultables sur le site Gallica. Des liens directs vers chacun des tomes num\u00e9ris\u00e9s sur Gallica sont disponibles sur notre site, dans l&rsquo;onglet [&hellip;]<\/p>\n","protected":false},"author":1,"featured_media":0,"parent":0,"menu_order":0,"comment_status":"closed","ping_status":"closed","template":"template-fullwidth.php","meta":{"footnotes":""},"class_list":["post-105","page","type-page","status-publish","hentry"],"_links":{"self":[{"href":"https:\/\/sahtg.fr\/index.php?rest_route=\/wp\/v2\/pages\/105","targetHints":{"allow":["GET"]}}],"collection":[{"href":"https:\/\/sahtg.fr\/index.php?rest_route=\/wp\/v2\/pages"}],"about":[{"href":"https:\/\/sahtg.fr\/index.php?rest_route=\/wp\/v2\/types\/page"}],"author":[{"embeddable":true,"href":"https:\/\/sahtg.fr\/index.php?rest_route=\/wp\/v2\/users\/1"}],"replies":[{"embeddable":true,"href":"https:\/\/sahtg.fr\/index.php?rest_route=%2Fwp%2Fv2%2Fcomments&post=105"}],"version-history":[{"count":12,"href":"https:\/\/sahtg.fr\/index.php?rest_route=\/wp\/v2\/pages\/105\/revisions"}],"predecessor-version":[{"id":974,"href":"https:\/\/sahtg.fr\/index.php?rest_route=\/wp\/v2\/pages\/105\/revisions\/974"}],"wp:attachment":[{"href":"https:\/\/sahtg.fr\/index.php?rest_route=%2Fwp%2Fv2%2Fmedia&parent=105"}],"curies":[{"name":"wp","href":"https:\/\/api.w.org\/{rel}","templated":true}]}}