{"id":40,"date":"2018-10-09T19:26:43","date_gmt":"2018-10-09T17:26:43","guid":{"rendered":"http:\/\/sahtg.fr\/?page_id=40"},"modified":"2025-09-24T19:18:13","modified_gmt":"2025-09-24T17:18:13","slug":"liens","status":"publish","type":"page","link":"https:\/\/sahtg.fr\/?page_id=40","title":{"rendered":"Liens"},"content":{"rendered":"\n<p>Vous trouverez ci-dessous les liens direct vers les bulletins                   num\u00e9ris\u00e9s sur le site de la BnF, Gallica (except\u00e9 1909 car                                  il n&rsquo;y eut pas de bulletin cette ann\u00e9e-l\u00e0, et 2004).                         <\/p>\n\n\n\n<p>Bulletin 1869-1870 : <a href=\"https:\/\/gallica.bnf.fr\/ark:\/12148\/bpt6k5587000k?rk=42918;4\">https:\/\/gallica.bnf.fr\/ark:\/12148\/bpt6k5587000k?rk=42918;4<\/a><\/p>\n\n\n\n<p>Bulletin 1872 : <a href=\"https:\/\/gallica.bnf.fr\/ark:\/12148\/bpt6k5591578p?rk=21459;2\">https:\/\/gallica.bnf.fr\/ark:\/12148\/bpt6k5591578p?rk=21459;2<\/a><\/p>\n\n\n\n<p>Bulletin 1873 : <a href=\"https:\/\/gallica.bnf.fr\/ark:\/12148\/bpt6k55915882?rk=21459;2\">https:\/\/gallica.bnf.fr\/ark:\/12148\/bpt6k55915882?rk=21459;2<\/a><\/p>\n\n\n\n<p>Bulletin 1876 : <a href=\"https:\/\/gallica.bnf.fr\/ark:\/12148\/bpt6k5575339k?rk=21459;2\">https:\/\/gallica.bnf.fr\/ark:\/12148\/bpt6k5575339k?rk=21459;2<\/a><\/p>\n\n\n\n<p>Bulletin 1877 : <a href=\"https:\/\/gallica.bnf.fr\/ark:\/12148\/bpt6k5575678q?rk=21459;2\">https:\/\/gallica.bnf.fr\/ark:\/12148\/bpt6k5575678q?rk=21459;2<\/a><\/p>\n\n\n\n<p>Bulletin 1878 : <a href=\"https:\/\/gallica.bnf.fr\/ark:\/12148\/bpt6k5575682m?rk=21459;2\">https:\/\/gallica.bnf.fr\/ark:\/12148\/bpt6k5575682m?rk=21459;2<\/a><\/p>\n\n\n\n<p>Bulletin 1879 : <a href=\"https:\/\/gallica.bnf.fr\/ark:\/12148\/bpt6k55867228?rk=21459;2\">https:\/\/gallica.bnf.fr\/ark:\/12148\/bpt6k55867228?rk=21459;2<\/a><\/p>\n\n\n\n<p>Bulletin 1880 : <a href=\"https:\/\/gallica.bnf.fr\/ark:\/12148\/bpt6k5592166d?rk=21459;2\">https:\/\/gallica.bnf.fr\/ark:\/12148\/bpt6k5592166d?rk=21459;2<\/a><\/p>\n\n\n\n<p>Bulletin 1881 : <a href=\"https:\/\/gallica.bnf.fr\/ark:\/12148\/bpt6k55921813?rk=21459;2\">https:\/\/gallica.bnf.fr\/ark:\/12148\/bpt6k55921813?rk=21459;2<\/a><\/p>\n\n\n\n<p>Bulletin 1882 : <a href=\"https:\/\/gallica.bnf.fr\/ark:\/12148\/bpt6k5586548t?rk=21459;2\">https:\/\/gallica.bnf.fr\/ark:\/12148\/bpt6k5586548t?rk=21459;2<\/a><\/p>\n\n\n\n<p>Bulletin 1883 : <a href=\"https:\/\/gallica.bnf.fr\/ark:\/12148\/bpt6k5591373x?rk=21459;2\">https:\/\/gallica.bnf.fr\/ark:\/12148\/bpt6k5591373x?rk=21459;2<\/a><\/p>\n\n\n\n<p>Bulletin 1884 : <a href=\"https:\/\/gallica.bnf.fr\/ark:\/12148\/bpt6k5591375r?rk=21459;2\">https:\/\/gallica.bnf.fr\/ark:\/12148\/bpt6k5591375r?rk=21459;2<\/a><\/p>\n\n\n\n<p>Bulletin 1885 : <a href=\"https:\/\/gallica.bnf.fr\/ark:\/12148\/bpt6k55867369?rk=21459;2\">https:\/\/gallica.bnf.fr\/ark:\/12148\/bpt6k55867369?rk=21459;2<\/a><\/p>\n\n\n\n<p>Bulletin 1886 : <a href=\"https:\/\/gallica.bnf.fr\/ark:\/12148\/bpt6k55923040?rk=21459;2\">https:\/\/gallica.bnf.fr\/ark:\/12148\/bpt6k55923040?rk=21459;2<\/a><\/p>\n\n\n\n<p>Bulletin 1887 : <a href=\"https:\/\/gallica.bnf.fr\/ark:\/12148\/bpt6k5592335j?rk=21459;2\">https:\/\/gallica.bnf.fr\/ark:\/12148\/bpt6k5592335j?rk=21459;2<\/a><\/p>\n\n\n\n<p>Bulletin 1888 : <a href=\"https:\/\/gallica.bnf.fr\/ark:\/12148\/bpt6k55866930?rk=21459;2\">https:\/\/gallica.bnf.fr\/ark:\/12148\/bpt6k55866930?rk=21459;2<\/a><\/p>\n\n\n\n<p>Bulletin 1889 : <a href=\"https:\/\/gallica.bnf.fr\/ark:\/12148\/bpt6k5591885v?rk=21459;2\">https:\/\/gallica.bnf.fr\/ark:\/12148\/bpt6k5591885v?rk=21459;2<\/a><\/p>\n\n\n\n<p>Bulletin 1890 : <a href=\"https:\/\/gallica.bnf.fr\/ark:\/12148\/bpt6k5591954n?rk=21459;2\">https:\/\/gallica.bnf.fr\/ark:\/12148\/bpt6k5591954n?rk=21459;2<\/a><\/p>\n\n\n\n<p>Bulletin 1891 : <a href=\"https:\/\/gallica.bnf.fr\/ark:\/12148\/bpt6k5587002d\">https:\/\/gallica.bnf.fr\/ark:\/12148\/bpt6k5587002d<\/a><\/p>\n\n\n\n<p>Bulletin 1892 : <a href=\"https:\/\/gallica.bnf.fr\/ark:\/12148\/bpt6k55913780?rk=21459;2\">https:\/\/gallica.bnf.fr\/ark:\/12148\/bpt6k55913780?rk=21459;2<\/a><\/p>\n\n\n\n<p>Bulletin 1893 : <a href=\"https:\/\/gallica.bnf.fr\/ark:\/12148\/bpt6k55914078?rk=21459;2\">https:\/\/gallica.bnf.fr\/ark:\/12148\/bpt6k55914078?rk=21459;2<\/a><\/p>\n\n\n\n<p>Bulletin 1894 : <a href=\"https:\/\/gallica.bnf.fr\/ark:\/12148\/bpt6k56001973?rk=21459;2\">https:\/\/gallica.bnf.fr\/ark:\/12148\/bpt6k56001973?rk=21459;2<\/a><\/p>\n\n\n\n<p>Bulletin 1895 : <a href=\"https:\/\/gallica.bnf.fr\/ark:\/12148\/bpt6k5688726s?rk=21459;2\">https:\/\/gallica.bnf.fr\/ark:\/12148\/bpt6k5688726s?rk=21459;2<\/a><\/p>\n\n\n\n<p>Bulletin 1896 : <a href=\"https:\/\/gallica.bnf.fr\/ark:\/12148\/bpt6k55865586?rk=21459;2\">https:\/\/gallica.bnf.fr\/ark:\/12148\/bpt6k55865586?rk=21459;2<\/a><\/p>\n\n\n\n<p>Bulletin 1897 : <a href=\"https:\/\/gallica.bnf.fr\/ark:\/12148\/bpt6k5592099f?rk=21459;2\">https:\/\/gallica.bnf.fr\/ark:\/12148\/bpt6k5592099f?rk=21459;2<\/a><\/p>\n\n\n\n<p>Bulletin 1898 : <a href=\"https:\/\/gallica.bnf.fr\/ark:\/12148\/bpt6k5578831x?rk=21459;2\">https:\/\/gallica.bnf.fr\/ark:\/12148\/bpt6k5578831x?rk=21459;2<\/a><\/p>\n\n\n\n<p>Bulletin 1899 : <a href=\"https:\/\/gallica.bnf.fr\/ark:\/12148\/bpt6k5579381d?rk=21459;2\">https:\/\/gallica.bnf.fr\/ark:\/12148\/bpt6k5579381d?rk=21459;2<\/a><\/p>\n\n\n\n<p>Bulletin 1900 : <a href=\"https:\/\/gallica.bnf.fr\/ark:\/12148\/bpt6k5686646k?rk=21459;2\">https:\/\/gallica.bnf.fr\/ark:\/12148\/bpt6k5686646k?rk=21459;2<\/a><\/p>\n\n\n\n<p>Bulletin 1901 : <a href=\"https:\/\/gallica.bnf.fr\/ark:\/12148\/bpt6k5575335x?rk=21459;2\">https:\/\/gallica.bnf.fr\/ark:\/12148\/bpt6k5575335x?rk=21459;2<\/a><\/p>\n\n\n\n<p>Bulletin 1902 : <a href=\"https:\/\/gallica.bnf.fr\/ark:\/12148\/bpt6k55757448?rk=21459;2\">https:\/\/gallica.bnf.fr\/ark:\/12148\/bpt6k55757448?rk=21459;2<\/a><\/p>\n\n\n\n<p>Bulletin 1903 : <a href=\"https:\/\/gallica.bnf.fr\/ark:\/12148\/bpt6k5575791x?rk=21459;2\">https:\/\/gallica.bnf.fr\/ark:\/12148\/bpt6k5575791x?rk=21459;2<\/a><\/p>\n\n\n\n<p>Bulletin 1904 : <a href=\"https:\/\/gallica.bnf.fr\/ark:\/12148\/bpt6k55788590?rk=21459;2\">https:\/\/gallica.bnf.fr\/ark:\/12148\/bpt6k55788590?rk=21459;2<\/a><\/p>\n\n\n\n<p>Bulletin 1905 : <a href=\"https:\/\/gallica.bnf.fr\/ark:\/12148\/bpt6k5651192q?rk=21459;2\">https:\/\/gallica.bnf.fr\/ark:\/12148\/bpt6k5651192q?rk=21459;2<\/a><\/p>\n\n\n\n<p>Bulletin 1906 : <a href=\"https:\/\/gallica.bnf.fr\/ark:\/12148\/bpt6k5550943f?rk=21459;2\">https:\/\/gallica.bnf.fr\/ark:\/12148\/bpt6k5550943f?rk=21459;2<\/a><\/p>\n\n\n\n<p>Bulletin 1907 : <a href=\"https:\/\/gallica.bnf.fr\/ark:\/12148\/bpt6k5860263s?rk=21459;2\">https:\/\/gallica.bnf.fr\/ark:\/12148\/bpt6k5860263s?rk=21459;2<\/a><\/p>\n\n\n\n<p>Bulletin 1908 : <a href=\"https:\/\/gallica.bnf.fr\/ark:\/12148\/bpt6k5860527z?rk=21459;2\">https:\/\/gallica.bnf.fr\/ark:\/12148\/bpt6k5860527z?rk=21459;2<\/a><\/p>\n\n\n\n<p>Bulletin 1910 :  <a href=\"https:\/\/gallica.bnf.fr\/ark:\/12148\/bpt6k5824109s?rk=21459;2\">https:\/\/gallica.bnf.fr\/ark:\/12148\/bpt6k5824109s?rk=21459;2<\/a><\/p>\n\n\n\n<p>Bulletin 1911 : <a href=\"https:\/\/gallica.bnf.fr\/ark:\/12148\/bpt6k5827032m?rk=21459;2\">https:\/\/gallica.bnf.fr\/ark:\/12148\/bpt6k5827032m?rk=21459;2<\/a><\/p>\n\n\n\n<p>Bulletin 1912 : <a href=\"https:\/\/gallica.bnf.fr\/ark:\/12148\/bpt6k5548680w?rk=21459;2\">https:\/\/gallica.bnf.fr\/ark:\/12148\/bpt6k5548680w?rk=21459;2<\/a><\/p>\n\n\n\n<p>Bulletin 1913 : <a href=\"https:\/\/gallica.bnf.fr\/ark:\/12148\/bpt6k5667310p?rk=21459;2\">https:\/\/gallica.bnf.fr\/ark:\/12148\/bpt6k5667310p?rk=21459;2<\/a><\/p>\n\n\n\n<p>Bulletin 1914 : <a href=\"https:\/\/gallica.bnf.fr\/ark:\/12148\/bpt6k9604739s\">https:\/\/gallica.bnf.fr\/ark:\/12148\/bpt6k9604739s<\/a><\/p>\n\n\n\n<p>Bulletin 1915 : <a href=\"https:\/\/gallica.bnf.fr\/ark:\/12148\/bpt6k55486530\">https:\/\/gallica.bnf.fr\/ark:\/12148\/bpt6k55486530<\/a><\/p>\n\n\n\n<p>Bulletin 1916 : <a href=\"https:\/\/gallica.bnf.fr\/ark:\/12148\/bpt6k55507690\">https:\/\/gallica.bnf.fr\/ark:\/12148\/bpt6k55507690<\/a> <\/p>\n\n\n\n<p>Bulletin 1917 : <a href=\"https:\/\/gallica.bnf.fr\/ark:\/12148\/bpt6k5550777j?rk=21459;2\">https:\/\/gallica.bnf.fr\/ark:\/12148\/bpt6k5550777j?rk=21459;2<\/a><\/p>\n\n\n\n<p>Bulletin 1918 : <a href=\"https:\/\/gallica.bnf.fr\/ark:\/12148\/bpt6k5549197r\">https:\/\/gallica.bnf.fr\/ark:\/12148\/bpt6k5549197r<\/a><\/p>\n\n\n\n<p>Bulletin 1919 : <a href=\"https:\/\/gallica.bnf.fr\/ark:\/12148\/bpt6k55492105?rk=21459;2\">https:\/\/gallica.bnf.fr\/ark:\/12148\/bpt6k55492105?rk=21459;2<\/a><\/p>\n\n\n\n<p>Bulletin 1920 : <a href=\"https:\/\/gallica.bnf.fr\/ark:\/12148\/bpt6k5577931z?rk=21459;2\">https:\/\/gallica.bnf.fr\/ark:\/12148\/bpt6k5577931z?rk=21459;2<\/a><\/p>\n\n\n\n<p>Bulletin 1921 : <a href=\"https:\/\/gallica.bnf.fr\/ark:\/12148\/bpt6k5827190d\">https:\/\/gallica.bnf.fr\/ark:\/12148\/bpt6k5827190d<\/a><\/p>\n\n\n\n<p>Bulletin 1922 : <a href=\"https:\/\/gallica.bnf.fr\/ark:\/12148\/bpt6k5548498w\">https:\/\/gallica.bnf.fr\/ark:\/12148\/bpt6k5548498w<\/a><\/p>\n\n\n\n<p>Bulletin 1923 : <a href=\"https:\/\/gallica.bnf.fr\/ark:\/12148\/bpt6k6532230p\">https:\/\/gallica.bnf.fr\/ark:\/12148\/bpt6k6532230p<\/a><\/p>\n\n\n\n<p>Bulletin 1924 : <a href=\"https:\/\/gallica.bnf.fr\/ark:\/12148\/bpt6k6532221q\">https:\/\/gallica.bnf.fr\/ark:\/12148\/bpt6k6532221q<\/a><\/p>\n\n\n\n<p>Bulletin 1925 : <a href=\"https:\/\/gallica.bnf.fr\/ark:\/12148\/bpt6k5578821j\">https:\/\/gallica.bnf.fr\/ark:\/12148\/bpt6k5578821j<\/a><\/p>\n\n\n\n<p>Bulletin 1926 : <a href=\"https:\/\/gallica.bnf.fr\/ark:\/12148\/bpt6k55794165\">https:\/\/gallica.bnf.fr\/ark:\/12148\/bpt6k55794165<\/a><\/p>\n\n\n\n<p>Bulletin 1927 : <a href=\"https:\/\/gallica.bnf.fr\/ark:\/12148\/bpt6k55794395\">https:\/\/gallica.bnf.fr\/ark:\/12148\/bpt6k55794395<\/a><\/p>\n\n\n\n<p>Bulletin 1928 : <a href=\"https:\/\/gallica.bnf.fr\/ark:\/12148\/bpt6k5579460k\">https:\/\/gallica.bnf.fr\/ark:\/12148\/bpt6k5579460k<\/a><\/p>\n\n\n\n<p>Bulletin 1929 : <a href=\"https:\/\/gallica.bnf.fr\/ark:\/12148\/bpt6k5579474m\">https:\/\/gallica.bnf.fr\/ark:\/12148\/bpt6k5579474m<\/a><\/p>\n\n\n\n<p>Bulletin 1930 : <a href=\"https:\/\/gallica.bnf.fr\/ark:\/12148\/bpt6k5579486t\">https:\/\/gallica.bnf.fr\/ark:\/12148\/bpt6k5579486t<\/a><\/p>\n\n\n\n<p>Bulletin 1931 : <a href=\"https:\/\/gallica.bnf.fr\/ark:\/12148\/bpt6k55795331?rk=21459;2\">https:\/\/gallica.bnf.fr\/ark:\/12148\/bpt6k55795331?rk=21459;2<\/a><\/p>\n\n\n\n<p>Bulletin 1932 : <a href=\"https:\/\/gallica.bnf.fr\/ark:\/12148\/bpt6k55795650\">https:\/\/gallica.bnf.fr\/ark:\/12148\/bpt6k55795650<\/a><\/p>\n\n\n\n<p>Bulletin 1933 : <a href=\"https:\/\/gallica.bnf.fr\/ark:\/12148\/bpt6k5576934w\">https:\/\/gallica.bnf.fr\/ark:\/12148\/bpt6k5576934w<\/a><\/p>\n\n\n\n<p>Bulletin 1934 : <a href=\"https:\/\/gallica.bnf.fr\/ark:\/12148\/bpt6k55769589\">https:\/\/gallica.bnf.fr\/ark:\/12148\/bpt6k55769589<\/a><\/p>\n\n\n\n<p>Bulletin 1935 : <a href=\"https:\/\/gallica.bnf.fr\/ark:\/12148\/bpt6k5576961s\">https:\/\/gallica.bnf.fr\/ark:\/12148\/bpt6k5576961s<\/a><\/p>\n\n\n\n<p>Bulletin 1936 : <a href=\"https:\/\/gallica.bnf.fr\/ark:\/12148\/bpt6k5576963m\">https:\/\/gallica.bnf.fr\/ark:\/12148\/bpt6k5576963m<\/a><\/p>\n\n\n\n<p>Bulletin 1937 : <a href=\"https:\/\/gallica.bnf.fr\/ark:\/12148\/bpt6k5576965f\">https:\/\/gallica.bnf.fr\/ark:\/12148\/bpt6k5576965f<\/a><\/p>\n\n\n\n<p>Bulletin 1938 : <a href=\"https:\/\/gallica.bnf.fr\/ark:\/12148\/bpt6k5576968p\">https:\/\/gallica.bnf.fr\/ark:\/12148\/bpt6k5576968p<\/a><\/p>\n\n\n\n<p>Bulletin 1939 : <a href=\"https:\/\/gallica.bnf.fr\/ark:\/12148\/bpt6k55769693\">https:\/\/gallica.bnf.fr\/ark:\/12148\/bpt6k55769693<\/a><\/p>\n\n\n\n<p>Bulletin 1940 : <a href=\"https:\/\/gallica.bnf.fr\/ark:\/12148\/bpt6k55770914?rk=21459;2\">https:\/\/gallica.bnf.fr\/ark:\/12148\/bpt6k55770914?rk=21459;2<\/a><\/p>\n\n\n\n<p>Bulletin 1941 : <a href=\"https:\/\/gallica.bnf.fr\/ark:\/12148\/bpt6k55769730?rk=21459;2\">https:\/\/gallica.bnf.fr\/ark:\/12148\/bpt6k55769730?rk=21459;2<\/a><\/p>\n\n\n\n<p>Bulletin 1942 : <a href=\"https:\/\/gallica.bnf.fr\/ark:\/12148\/bpt6k5576974d?rk=21459;2\">https:\/\/gallica.bnf.fr\/ark:\/12148\/bpt6k5576974d?rk=21459;2<\/a><\/p>\n\n\n\n<p>Bulletin 1943 : <a href=\"https:\/\/gallica.bnf.fr\/ark:\/12148\/bpt6k6536693t?rk=21459;2\">https:\/\/gallica.bnf.fr\/ark:\/12148\/bpt6k6536693t?rk=21459;2<\/a><\/p>\n\n\n\n<p>Bulletin 1944 : <a href=\"https:\/\/gallica.bnf.fr\/ark:\/12148\/bpt6k65323605?rk=21459;2\">https:\/\/gallica.bnf.fr\/ark:\/12148\/bpt6k65323605?rk=21459;2<\/a><\/p>\n\n\n\n<p>Bulletin 1945 : <a href=\"https:\/\/gallica.bnf.fr\/ark:\/12148\/bpt6k6532297v\">https:\/\/gallica.bnf.fr\/ark:\/12148\/bpt6k6532297v<\/a><\/p>\n\n\n\n<p>Bulletin 1946-1947 : <a href=\"https:\/\/gallica.bnf.fr\/ark:\/12148\/bpt6k65322209\">https:\/\/gallica.bnf.fr\/ark:\/12148\/bpt6k65322209<\/a><\/p>\n\n\n\n<p>Bulletin 1948 : <a href=\"https:\/\/gallica.bnf.fr\/ark:\/12148\/bpt6k6532232h\">https:\/\/gallica.bnf.fr\/ark:\/12148\/bpt6k6532232h<\/a><\/p>\n\n\n\n<p>Bulletin 1949 : <a href=\"https:\/\/gallica.bnf.fr\/ark:\/12148\/bpt6k6534152j\">https:\/\/gallica.bnf.fr\/ark:\/12148\/bpt6k6534152j<\/a><\/p>\n\n\n\n<p>Bulletin 1950 : <a href=\"https:\/\/gallica.bnf.fr\/ark:\/12148\/bpt6k6536692d\">https:\/\/gallica.bnf.fr\/ark:\/12148\/bpt6k6536692d<\/a><\/p>\n\n\n\n<p>Bulletin 1951 : <a href=\"https:\/\/gallica.bnf.fr\/ark:\/12148\/bpt6k6532223j?rk=42918;4\">https:\/\/gallica.bnf.fr\/ark:\/12148\/bpt6k6532223j?rk=42918;4<\/a><\/p>\n\n\n\n<p>Bulletin 1952 : <a href=\"https:\/\/gallica.bnf.fr\/ark:\/12148\/bpt6k6532274v?rk=21459;2\">https:\/\/gallica.bnf.fr\/ark:\/12148\/bpt6k6532274v?rk=21459;2<\/a><\/p>\n\n\n\n<p>Bulletin 1953 : <a href=\"https:\/\/gallica.bnf.fr\/ark:\/12148\/bpt6k65322988\">https:\/\/gallica.bnf.fr\/ark:\/12148\/bpt6k65322988<\/a><\/p>\n\n\n\n<p>Bulletin 1954-1955 : <a href=\"https:\/\/gallica.bnf.fr\/ark:\/12148\/bpt6k6532273f\">https:\/\/gallica.bnf.fr\/ark:\/12148\/bpt6k6532273f<\/a><\/p>\n\n\n\n<p>Bulletin 1956 : <a href=\"https:\/\/gallica.bnf.fr\/ark:\/12148\/bpt6k6532234b\">https:\/\/gallica.bnf.fr\/ark:\/12148\/bpt6k6532234b<\/a><\/p>\n\n\n\n<p>Bulletin 1957 : <a href=\"https:\/\/gallica.bnf.fr\/ark:\/12148\/bpt6k6532357p\">https:\/\/gallica.bnf.fr\/ark:\/12148\/bpt6k6532357p<\/a><\/p>\n\n\n\n<p>Bulletin 1958 : <a href=\"https:\/\/gallica.bnf.fr\/ark:\/12148\/bpt6k6537897g\">https:\/\/gallica.bnf.fr\/ark:\/12148\/bpt6k6537897g<\/a><\/p>\n\n\n\n<p>Bulletin 1959 : <a href=\"https:\/\/gallica.bnf.fr\/ark:\/12148\/bpt6k6532226s\">https:\/\/gallica.bnf.fr\/ark:\/12148\/bpt6k6532226s<\/a><\/p>\n\n\n\n<p>Bulletin 1960 : <a href=\"https:\/\/gallica.bnf.fr\/ark:\/12148\/bpt6k65324719\">https:\/\/gallica.bnf.fr\/ark:\/12148\/bpt6k65324719<\/a><\/p>\n\n\n\n<p>Bulletin 1961 : <a href=\"https:\/\/gallica.bnf.fr\/ark:\/12148\/bpt6k65324111?rk=21459;2\">https:\/\/gallica.bnf.fr\/ark:\/12148\/bpt6k65324111?rk=21459;2<\/a><\/p>\n\n\n\n<p>Bulletin 1962 : <a href=\"https:\/\/gallica.bnf.fr\/ark:\/12148\/bpt6k6532410m\">https:\/\/gallica.bnf.fr\/ark:\/12148\/bpt6k6532410m<\/a><\/p>\n\n\n\n<p>Bulletin 1963 : <a href=\"https:\/\/gallica.bnf.fr\/ark:\/12148\/bpt6k65322899\">https:\/\/gallica.bnf.fr\/ark:\/12148\/bpt6k65322899<\/a><\/p>\n\n\n\n<p>Bulletin 1964 : <a href=\"https:\/\/gallica.bnf.fr\/ark:\/12148\/bpt6k6532288w\">https:\/\/gallica.bnf.fr\/ark:\/12148\/bpt6k6532288w<\/a><\/p>\n\n\n\n<p>Bulletin 1965 : <a href=\"https:\/\/gallica.bnf.fr\/ark:\/12148\/bpt6k6536765v\">https:\/\/gallica.bnf.fr\/ark:\/12148\/bpt6k6536765v<\/a><\/p>\n\n\n\n<p>Bulletin 1966 (A) : <a href=\"https:\/\/gallica.bnf.fr\/ark:\/12148\/bpt6k6532216d?rk=42918;4\">https:\/\/gallica.bnf.fr\/ark:\/12148\/bpt6k6532216d?rk=42918;4<\/a> <\/p>\n\n\n\n<p>Bulletin 1966 (B) : <a href=\"https:\/\/gallica.bnf.fr\/ark:\/12148\/bpt6k6532413v\/f8.image\">https:\/\/gallica.bnf.fr\/ark:\/12148\/bpt6k6532413v\/f8.image<\/a><\/p>\n\n\n\n<p>Bulletin 1967 : <a href=\"https:\/\/gallica.bnf.fr\/ark:\/12148\/bpt6k6532481p\">https:\/\/gallica.bnf.fr\/ark:\/12148\/bpt6k6532481p<\/a><\/p>\n\n\n\n<p>Bulletin 1968 : <a href=\"https:\/\/gallica.bnf.fr\/ark:\/12148\/bpt6k65324808\">https:\/\/gallica.bnf.fr\/ark:\/12148\/bpt6k65324808<\/a><\/p>\n\n\n\n<p>Bulletin 1969-1970 : <a href=\"https:\/\/gallica.bnf.fr\/ark:\/12148\/bpt6k6536724x\">https:\/\/gallica.bnf.fr\/ark:\/12148\/bpt6k6536724x<\/a><\/p>\n\n\n\n<p>Bulletin 1970-1971 : <a href=\"https:\/\/gallica.bnf.fr\/ark:\/12148\/bpt6k6533918z?rk=21459;2\">https:\/\/gallica.bnf.fr\/ark:\/12148\/bpt6k6533918z?rk=21459;2<\/a><\/p>\n\n\n\n<p>Bulletin 1972 : <a href=\"https:\/\/gallica.bnf.fr\/ark:\/12148\/bpt6k6532616s\">https:\/\/gallica.bnf.fr\/ark:\/12148\/bpt6k6532616s<\/a><\/p>\n\n\n\n<p>Bulletin 1973 : <a href=\"https:\/\/gallica.bnf.fr\/ark:\/12148\/bpt6k6532615c\">https:\/\/gallica.bnf.fr\/ark:\/12148\/bpt6k6532615c<\/a><\/p>\n\n\n\n<p>Bulletin 1974 : <a href=\"https:\/\/gallica.bnf.fr\/ark:\/12148\/bpt6k6532613j\">https:\/\/gallica.bnf.fr\/ark:\/12148\/bpt6k6532613j<\/a><\/p>\n\n\n\n<p>Bulletin 1975 : <a href=\"https:\/\/gallica.bnf.fr\/ark:\/12148\/bpt6k65340096\">https:\/\/gallica.bnf.fr\/ark:\/12148\/bpt6k65340096<\/a><\/p>\n\n\n\n<p>Bulletin 1976 : <a href=\"https:\/\/gallica.bnf.fr\/ark:\/12148\/bpt6k65324786\">https:\/\/gallica.bnf.fr\/ark:\/12148\/bpt6k65324786<\/a><\/p>\n\n\n\n<p>Bulletin 1977 : <a href=\"https:\/\/gallica.bnf.fr\/ark:\/12148\/bpt6k6532614z\">https:\/\/gallica.bnf.fr\/ark:\/12148\/bpt6k6532614z<\/a><\/p>\n\n\n\n<p>Bulletin 1978 : <a href=\"https:\/\/gallica.bnf.fr\/ark:\/12148\/bpt6k6532477s\">https:\/\/gallica.bnf.fr\/ark:\/12148\/bpt6k6532477s<\/a><\/p>\n\n\n\n<p>Bulletin 1979 : <a href=\"https:\/\/gallica.bnf.fr\/ark:\/12148\/bpt6k6532549t\">https:\/\/gallica.bnf.fr\/ark:\/12148\/bpt6k6532549t<\/a><\/p>\n\n\n\n<p>Bulletin 1980 : <a href=\"https:\/\/gallica.bnf.fr\/ark:\/12148\/bpt6k65353959\">https:\/\/gallica.bnf.fr\/ark:\/12148\/bpt6k65353959<\/a><\/p>\n\n\n\n<p>Bulletin 1981 : <a href=\"https:\/\/gallica.bnf.fr\/ark:\/12148\/bpt6k6534035p?rk=107296;4\">https:\/\/gallica.bnf.fr\/ark:\/12148\/bpt6k6534035p?rk=107296;4<\/a><\/p>\n\n\n\n<p>Bulletin 1982 : <a href=\"https:\/\/gallica.bnf.fr\/ark:\/12148\/bpt6k65326176\">https:\/\/gallica.bnf.fr\/ark:\/12148\/bpt6k65326176<\/a><\/p>\n\n\n\n<p>Bulletin 1983 : <a href=\"https:\/\/gallica.bnf.fr\/ark:\/12148\/bpt6k6532606d?rk=42918;4\">https:\/\/gallica.bnf.fr\/ark:\/12148\/bpt6k6532606d?rk=42918;4<\/a><\/p>\n\n\n\n<p>Bulletin 1984 : <a href=\"https:\/\/gallica.bnf.fr\/ark:\/12148\/bpt6k65326109\">https:\/\/gallica.bnf.fr\/ark:\/12148\/bpt6k65326109<\/a><\/p>\n\n\n\n<p>Bulletin 1985 : <a href=\"https:\/\/gallica.bnf.fr\/ark:\/12148\/bpt6k65325544\">https:\/\/gallica.bnf.fr\/ark:\/12148\/bpt6k65325544<\/a><\/p>\n\n\n\n<p>Bulletin 1986 : <a href=\"https:\/\/gallica.bnf.fr\/ark:\/12148\/bpt6k6532668h\">https:\/\/gallica.bnf.fr\/ark:\/12148\/bpt6k6532668h<\/a><\/p>\n\n\n\n<p>Bulletin 1987 : <a href=\"https:\/\/gallica.bnf.fr\/ark:\/12148\/bpt6k65325618\">https:\/\/gallica.bnf.fr\/ark:\/12148\/bpt6k65325618<\/a><\/p>\n\n\n\n<p>Bulletin 1988 : <a href=\"https:\/\/gallica.bnf.fr\/ark:\/12148\/bpt6k6532228m\">https:\/\/gallica.bnf.fr\/ark:\/12148\/bpt6k6532228m<\/a><\/p>\n\n\n\n<p>Bulletin 1989 : <a href=\"https:\/\/gallica.bnf.fr\/ark:\/12148\/bpt6k65322402\">https:\/\/gallica.bnf.fr\/ark:\/12148\/bpt6k65322402<\/a><\/p>\n\n\n\n<p>Bulletin 1990 : <a href=\"https:\/\/gallica.bnf.fr\/ark:\/12148\/bpt6k6532800m\">https:\/\/gallica.bnf.fr\/ark:\/12148\/bpt6k6532800m<\/a><\/p>\n\n\n\n<p>Bulletin 1991 : <a href=\"https:\/\/gallica.bnf.fr\/ark:\/12148\/bpt6k65329889?rk=21459;2\">https:\/\/gallica.bnf.fr\/ark:\/12148\/bpt6k65329889?rk=21459;2<\/a><\/p>\n\n\n\n<p>Bulletin 1992 : <a href=\"https:\/\/gallica.bnf.fr\/ark:\/12148\/bpt6k6532986g\">https:\/\/gallica.bnf.fr\/ark:\/12148\/bpt6k6532986g<\/a><\/p>\n\n\n\n<p>Bulletin 1993 : <a href=\"https:\/\/gallica.bnf.fr\/ark:\/12148\/bpt6k65322936\">https:\/\/gallica.bnf.fr\/ark:\/12148\/bpt6k65322936<\/a><\/p>\n\n\n\n<p>Bulletin 1994 : <a href=\"https:\/\/gallica.bnf.fr\/ark:\/12148\/bpt6k6533536h\">https:\/\/gallica.bnf.fr\/ark:\/12148\/bpt6k6533536h<\/a><\/p>\n\n\n\n<p>Bulletin 1995 : <a href=\"https:\/\/gallica.bnf.fr\/ark:\/12148\/bpt6k6532989q\">https:\/\/gallica.bnf.fr\/ark:\/12148\/bpt6k6532989q<\/a><\/p>\n\n\n\n<p>Bulletin 1996 : <a href=\"https:\/\/gallica.bnf.fr\/ark:\/12148\/bpt6k6532237k\">https:\/\/gallica.bnf.fr\/ark:\/12148\/bpt6k6532237k<\/a><\/p>\n\n\n\n<p>Bulletin 1997 : <a href=\"https:\/\/gallica.bnf.fr\/ark:\/12148\/bpt6k6532225c\">https:\/\/gallica.bnf.fr\/ark:\/12148\/bpt6k6532225c<\/a><\/p>\n\n\n\n<p>Bulletin 1998 : <a href=\"https:\/\/gallica.bnf.fr\/ark:\/12148\/bpt6k6532993m\">https:\/\/gallica.bnf.fr\/ark:\/12148\/bpt6k6532993m<\/a><\/p>\n\n\n\n<p>Bulletin 1999 : <a href=\"https:\/\/gallica.bnf.fr\/ark:\/12148\/bpt6k65326087\">https:\/\/gallica.bnf.fr\/ark:\/12148\/bpt6k65326087<\/a><\/p>\n\n\n\n<p>Bulletin 2000 : <a href=\"https:\/\/gallica.bnf.fr\/ark:\/12148\/bpt6k6532987w\">https:\/\/gallica.bnf.fr\/ark:\/12148\/bpt6k6532987w<\/a><\/p>\n\n\n\n<p>Bulletin 2001 : <a href=\"https:\/\/gallica.bnf.fr\/ark:\/12148\/bpt6k65329926\">https:\/\/gallica.bnf.fr\/ark:\/12148\/bpt6k65329926<\/a><\/p>\n\n\n\n<p>Bulletin 2002 : <a href=\"https:\/\/gallica.bnf.fr\/ark:\/12148\/bpt6k6532556z\">https:\/\/gallica.bnf.fr\/ark:\/12148\/bpt6k6532556z<\/a><\/p>\n\n\n\n<p>Bulletin 2003 : <a href=\"https:\/\/gallica.bnf.fr\/ark:\/12148\/bpt6k65369807\">https:\/\/gallica.bnf.fr\/ark:\/12148\/bpt6k65369807<\/a><\/p>\n\n\n\n<p>Bulletin 2005 : <a href=\"https:\/\/gallica.bnf.fr\/ark:\/12148\/bpt6k6532609n\">https:\/\/gallica.bnf.fr\/ark:\/12148\/bpt6k6532609n<\/a><\/p>\n\n\n\n<p>Bulletin 2006 : <a href=\"https:\/\/gallica.bnf.fr\/ark:\/12148\/bpt6k6536764f\">https:\/\/gallica.bnf.fr\/ark:\/12148\/bpt6k6536764f<\/a><\/p>\n\n\n\n<p>Bulletin 2007 : <a href=\"https:\/\/gallica.bnf.fr\/ark:\/12148\/bpt6k6532555j\">https:\/\/gallica.bnf.fr\/ark:\/12148\/bpt6k6532555j<\/a><\/p>\n\n\n\n<p>Richesses artistiques du canton de Verdun-sur-Garonne (1981) : <a href=\"https:\/\/gallica.bnf.fr\/ark:\/12148\/bpt6k6532422t?rk=21459;2\">https:\/\/gallica.bnf.fr\/ark:\/12148\/bpt6k6532422t?rk=21459;2<\/a><\/p>\n\n\n\n<p>Richesses artistiques du canton de Grisolles (1981) <a href=\"https:\/\/gallica.bnf.fr\/ark:\/12148\/bpt6k6539738w?rk=42918;4\">https:\/\/gallica.bnf.fr\/ark:\/12148\/bpt6k6539738w?rk=42918;4<\/a><\/p>\n\n\n\n<p>Richesses artistiques du canton de Monclar-de-Quercy (1983)<a href=\"https:\/\/gallica.bnf.fr\/ark:\/12148\/bpt6k65366947?rk=21459;2\">https:\/\/gallica.bnf.fr\/ark:\/12148\/bpt6k65366947?rk=21459;2<\/a><\/p>\n\n\n\n<p>Journ\u00e9e d&rsquo;\u00e9tudes \u00e0 Saint-Antonin-Noble-Val (1981) <a href=\"https:\/\/gallica.bnf.fr\/ark:\/12148\/bpt6k65324200?rk=64378;0\">https:\/\/gallica.bnf.fr\/ark:\/12148\/bpt6k65324200?rk=64378;0<\/a><\/p>\n\n\n\n<p>Centenaire de la Soci\u00e9t\u00e9 arch\u00e9ologique en 1966<a href=\"https:\/\/gallica.bnf.fr\/ark:\/12148\/bpt6k6532421d?rk=21459;2\">https:\/\/gallica.bnf.fr\/ark:\/12148\/bpt6k6532421d?rk=21459;2<\/a><\/p>\n\n\n\n<p>Noces d&rsquo;argent de la Soci\u00e9t\u00e9 arch\u00e9ologique (1891)<a href=\"https:\/\/gallica.bnf.fr\/ark:\/12148\/bpt6k6532419b?rk=21459;2\">https:\/\/gallica.bnf.fr\/ark:\/12148\/bpt6k6532419b?rk=21459;2<\/a><\/p>\n\n\n\n<p>La place nationale de Montauban (1981)<a href=\"https:\/\/gallica.bnf.fr\/ark:\/12148\/bpt6k6535619z?rk=21459;2\">https:\/\/gallica.bnf.fr\/ark:\/12148\/bpt6k6535619z?rk=21459;2<\/a><\/p>\n\n\n\n<p><\/p>\n\n\n\n<p><\/p>\n\n\n<p><strong>Gallica :<\/strong> <a href=\"https:\/\/gallica.bnf.fr\/accueil\/?mode=desktop\">https:\/\/gallica.bnf.fr\/accueil\/?mode=deskto<\/a><\/p>\n<p><strong>F\u00e9d\u00e9ration historique :\u00a0<\/strong><a href=\"http:\/\/archives.haute-garonne.fr\/histoire_patrimoine\/associations\/federation\/fhmp_adherent.html\">http:\/\/archives.haute-garonne.fr\/histoire_patrimoine\/associations\/federation\/fhmp_adherent.html<\/a><\/p>\n<p><strong>Soci\u00e9t\u00e9 Arch\u00e9ologique du Midi de la France :<\/strong> <a href=\"http:\/\/societearcheologiquedumidi.fr\/spip.php?rubrique29\">https:\/\/societearcheologiquedumidi.fr\/spip.php?rubrique29<\/a><\/p>\n<p><strong>F\u00e9d\u00e9ration des Soci\u00e9t\u00e9s Historiques &amp; Arch\u00e9ologiques de Paris Ile de France :<\/strong> <a href=\"http:\/\/www.histoire-paris-idf.org\/\">https:\/\/www.histoire-paris-idf.org\/<\/a><\/p>\n<p><strong>Soci\u00e9t\u00e9 Fran\u00e7aise d&rsquo;Arch\u00e9ologie :<\/strong> <a href=\"http:\/\/www.sf-archeologie.net\/\">http:\/\/www.sf-archeologie.net\/<\/a><\/p>\n\n\n<p><strong>Soci\u00e9t\u00e9 Montalbanaise d&rsquo;Etude et de Recherche sur le Protestantisme :<\/strong> <a href=\"https:\/\/www.smerp.fr\">https:\/\/www.smerp.fr<\/a><\/p>\n\n\n\n<p><\/p>\n","protected":false},"excerpt":{"rendered":"<p>Vous trouverez ci-dessous les liens direct vers les bulletins num\u00e9ris\u00e9s sur le site de la BnF, Gallica (except\u00e9 1909 car il n&rsquo;y eut pas de bulletin cette ann\u00e9e-l\u00e0, et 2004). Bulletin 1869-1870 : https:\/\/gallica.bnf.fr\/ark:\/12148\/bpt6k5587000k?rk=42918;4 Bulletin 1872 : https:\/\/gallica.bnf.fr\/ark:\/12148\/bpt6k5591578p?rk=21459;2 Bulletin 1873 : https:\/\/gallica.bnf.fr\/ark:\/12148\/bpt6k55915882?rk=21459;2 Bulletin 1876 : https:\/\/gallica.bnf.fr\/ark:\/12148\/bpt6k5575339k?rk=21459;2 Bulletin 1877 : https:\/\/gallica.bnf.fr\/ark:\/12148\/bpt6k5575678q?rk=21459;2 Bulletin 1878 : https:\/\/gallica.bnf.fr\/ark:\/12148\/bpt6k5575682m?rk=21459;2 Bulletin [&hellip;]<\/p>\n","protected":false},"author":1,"featured_media":0,"parent":0,"menu_order":9,"comment_status":"closed","ping_status":"closed","template":"","meta":{"footnotes":""},"class_list":["post-40","page","type-page","status-publish","hentry"],"_links":{"self":[{"href":"https:\/\/sahtg.fr\/index.php?rest_route=\/wp\/v2\/pages\/40","targetHints":{"allow":["GET"]}}],"collection":[{"href":"https:\/\/sahtg.fr\/index.php?rest_route=\/wp\/v2\/pages"}],"about":[{"href":"https:\/\/sahtg.fr\/index.php?rest_route=\/wp\/v2\/types\/page"}],"author":[{"embeddable":true,"href":"https:\/\/sahtg.fr\/index.php?rest_route=\/wp\/v2\/users\/1"}],"replies":[{"embeddable":true,"href":"https:\/\/sahtg.fr\/index.php?rest_route=%2Fwp%2Fv2%2Fcomments&post=40"}],"version-history":[{"count":17,"href":"https:\/\/sahtg.fr\/index.php?rest_route=\/wp\/v2\/pages\/40\/revisions"}],"predecessor-version":[{"id":1282,"href":"https:\/\/sahtg.fr\/index.php?rest_route=\/wp\/v2\/pages\/40\/revisions\/1282"}],"wp:attachment":[{"href":"https:\/\/sahtg.fr\/index.php?rest_route=%2Fwp%2Fv2%2Fmedia&parent=40"}],"curies":[{"name":"wp","href":"https:\/\/api.w.org\/{rel}","templated":true}]}}