{"id":98,"date":"2018-10-09T21:08:11","date_gmt":"2018-10-09T19:08:11","guid":{"rendered":"http:\/\/sahtg.fr\/?page_id=98"},"modified":"2023-01-09T18:24:46","modified_gmt":"2023-01-09T17:24:46","slug":"presentation","status":"publish","type":"page","link":"https:\/\/sahtg.fr\/?page_id=98","title":{"rendered":"Pr\u00e9sentation"},"content":{"rendered":"<p>La Soci\u00e9t\u00e9 Arch\u00e9ologique et Historique de Tarn-et-Garonne est l&rsquo;une des plus anciennes associations \u00e0 but non lucratif du d\u00e9partement et de la ville de Montauban. Le conseil d&rsquo;administration est pr\u00e9sid\u00e9 par Georges Passerat depuis 2002.<\/p>\n<p>Cr\u00e9\u00e9e en 1866, longtemps pr\u00e9sid\u00e9e par l&rsquo;un de ses fondateurs, le chanoine Fernand Pottier, elle s&rsquo;int\u00e9resse \u00e0 l&rsquo;Histoire, \u00e0 l&rsquo;histoire de l&rsquo;Art, au patrimoine et \u00e0 l&rsquo;arch\u00e9ologie, de la pr\u00e9histoire au XXIe si\u00e8cle.<\/p>\n<p>Elle veille aussi \u00e0 la conservation du patrimoine : des troph\u00e9es annuels r\u00e9compensent, en janvier, des initiatives publiques et priv\u00e9es en ce domaine.<\/p>\n<p>Adh\u00e8re qui veut, nul besoin de parrainage. Il suffit de payer la cotisation (30 euros), qui donne droit au service du bulletin de l&rsquo;ann\u00e9e.<\/p>\n<p><strong>Chaque ann\u00e9e, la Soci\u00e9t\u00e9 arch\u00e9ologique de Tarn-et-Garonne organise<\/strong>\u00a0<strong>9 conf\u00e9rences.<\/strong>\u00a0Elles ont lieu le deuxi\u00e8me mercredi de chaque mois, sauf en juillet, ao\u00fbt et septembre \u00e0 la Maison de la Culture (Ancien Coll\u00e8ge), 2 rue du Coll\u00e8ge, 82000 Montauban. L&rsquo;entr\u00e9e est libre et gratuite.<\/p>\n<p>Un <a href=\"http:\/\/sahtg.fr\/?page_id=105\"><strong>Bulletin annuel<\/strong><\/a>\u00a0reprend le texte des conf\u00e9rences, rappelle les activit\u00e9s, rend compte des articles et des ouvrages consacr\u00e9s au Tarn-et-Garonne<\/p>\n","protected":false},"excerpt":{"rendered":"<p>La Soci\u00e9t\u00e9 Arch\u00e9ologique et Historique de Tarn-et-Garonne est l&rsquo;une des plus anciennes associations \u00e0 but non lucratif du d\u00e9partement et de la ville de Montauban. Le conseil d&rsquo;administration est pr\u00e9sid\u00e9 par Georges Passerat depuis 2002. Cr\u00e9\u00e9e en 1866, longtemps pr\u00e9sid\u00e9e par l&rsquo;un de ses fondateurs, le chanoine Fernand Pottier, elle s&rsquo;int\u00e9resse \u00e0 l&rsquo;Histoire, \u00e0 l&rsquo;histoire [&hellip;]<\/p>\n","protected":false},"author":1,"featured_media":0,"parent":10,"menu_order":0,"comment_status":"closed","ping_status":"closed","template":"","meta":{"footnotes":""},"class_list":["post-98","page","type-page","status-publish","hentry"],"_links":{"self":[{"href":"https:\/\/sahtg.fr\/index.php?rest_route=\/wp\/v2\/pages\/98","targetHints":{"allow":["GET"]}}],"collection":[{"href":"https:\/\/sahtg.fr\/index.php?rest_route=\/wp\/v2\/pages"}],"about":[{"href":"https:\/\/sahtg.fr\/index.php?rest_route=\/wp\/v2\/types\/page"}],"author":[{"embeddable":true,"href":"https:\/\/sahtg.fr\/index.php?rest_route=\/wp\/v2\/users\/1"}],"replies":[{"embeddable":true,"href":"https:\/\/sahtg.fr\/index.php?rest_route=%2Fwp%2Fv2%2Fcomments&post=98"}],"version-history":[{"count":7,"href":"https:\/\/sahtg.fr\/index.php?rest_route=\/wp\/v2\/pages\/98\/revisions"}],"predecessor-version":[{"id":1124,"href":"https:\/\/sahtg.fr\/index.php?rest_route=\/wp\/v2\/pages\/98\/revisions\/1124"}],"up":[{"embeddable":true,"href":"https:\/\/sahtg.fr\/index.php?rest_route=\/wp\/v2\/pages\/10"}],"wp:attachment":[{"href":"https:\/\/sahtg.fr\/index.php?rest_route=%2Fwp%2Fv2%2Fmedia&parent=98"}],"curies":[{"name":"wp","href":"https:\/\/api.w.org\/{rel}","templated":true}]}}